{"id":145,"date":"2022-10-18T21:01:38","date_gmt":"2022-10-18T21:01:38","guid":{"rendered":"https:\/\/www.vanpraaginstituut.nl\/?page_id=145"},"modified":"2025-01-29T13:52:10","modified_gmt":"2025-01-29T13:52:10","slug":"lopende-projecten","status":"publish","type":"page","link":"https:\/\/www.vanpraaginstituut.nl\/?page_id=145","title":{"rendered":"Lopende projecten"},"content":{"rendered":"<div id=\"pl-145\"  class=\"panel-layout\" ><div id=\"pg-145-0\"  class=\"panel-grid panel-no-style\" ><div id=\"pgc-145-0-0\"  class=\"panel-grid-cell\" ><div id=\"panel-145-0-0-0\" class=\"so-panel widget widget_sow-editor panel-first-child panel-last-child\" data-index=\"0\" ><div\n\t\t\t\n\t\t\tclass=\"so-widget-sow-editor so-widget-sow-editor-base\"\n\t\t\t\n\t\t>\n<div class=\"siteorigin-widget-tinymce textwidget\">\n\t<h1>Lopende projecten<\/h1>\n<p>Het <strong>Van Praag Instituut<\/strong> is als partner betrokken bij diverse onderzoeks- en ontwikkelprojecten op het gebied van complementaire zorg integrative medicine&sol;nursing. In onderstaande volgt een overzicht van lopende projecten.<\/p>\n<\/div>\n<\/div><\/div><\/div><\/div><div id=\"pg-145-1\"  class=\"panel-grid panel-no-style\" ><div id=\"pgc-145-1-0\"  class=\"panel-grid-cell\" ><div id=\"panel-145-1-0-0\" class=\"so-panel widget widget_sow-editor panel-first-child panel-last-child\" data-index=\"1\" ><div\n\t\t\t\n\t\t\tclass=\"so-widget-sow-editor so-widget-sow-editor-base\"\n\t\t\t\n\t\t>\n<div class=\"siteorigin-widget-tinymce textwidget\">\n\t<h5><span id=\"anchor_projecten_compazie_01\">LICHT studie<\/span><\/h5>\n<p><strong>LICHT<\/strong> staat voor \u2018Levenseinde met Inclusieve Culturele en Holistische Tradities\u2019. Mensen met een Islamitische migratieachtergrond spreken veelal niet over het naderende levenseinde en vragen vaak om een curatieve behandeling. In de Nederlandse palliatieve en eerstelijns zorg is weinig bekend over wat zij vanuit culturele en religieuze tradities gebruiken als zelfzorgstrategie\u00ebn voor fysieke, mentale en spirituele gezondheid. Het kennen van de voorkeuren, gebruik en behoeften van pati\u00ebnten en mantelzorgers aan traditionele zelfzorgstrategie\u00ebn kan bijdragen aan meer persoonsgerichte palliatieve zorg en een waardige laatste levensfase.<\/p>\n<p>Met het <strong>LICHT<\/strong> project wordt inzicht verkregen in welke traditionele en complementaire zelfzorgmethoden mensen met een islamitische achtergrond gebruiken in de (pre-)palliatieve fase en waarom. Wat zijn hun wensen en behoeften op dat gebied in relatie tot de zorg die zij ontvangen en welke instrumenten kunnen daarvoor ontwikkeld worden? Algemeen doel is om bij te dragen aan het vergroten van de culturele gevoeligheid in de eerstelijns gezondheidszorg, het cre\u00ebren van wederzijds begrip en vergroten van de persoonsgerichtheid van palliatieve zorg.<\/p>\n<p>Het <strong>LICHT<\/strong> project richt zich op mensen met een islamitische achtergrond in de (pre-)palliatieve fase thuis in Utrecht en Den Haag. Eerst wordt informatie verzameld aan de hand van een literatuurstudie, waarbij 4 focusgroepen, bestaande uit zorgprofessionals in de palliatieve zorg, mantelzorgers, huisartsen en praktijkverpleegkundigen deskundigen betrokken worden op het gebied van cultuursensitieve zorg en complementaire zorg\/integratieve geneeskunde. Daarnaast vindt er participatief actieonderzoek plaats (PAR): in 3 cycli in lerend netwerk rondom 26 cli\u00ebnten informatie verzamelen, strategie\u00ebninstrumenten ontwikkelen, toepassen en evalueren. Als laatste worden de instrumenten en kennis verspreid op basis van evidence-based implementatiestrategie\u00ebn via onder anderen wetenschappelijk artikel, sociale media en mini-symposium.<\/p>\n<p><strong>LICHT<\/strong> levert de volgende resultaten op:<\/p>\n<ul class=\"ul_ol_alt_number_1\">\n<li>Kennis voor educatie en informatievoorziening voor zorgverleners, pati\u00ebnten en mantelzorgers van mensen met een islamitische migratieachtergrond in de 1e lijn in de (pre-)palliatieve fase.<\/li>\n<li>Samen met co-onderzoekers en de doelgroep wordt op basis hiervan een set producten voor educatie en informatievoorziening ontwikkeld.<\/li>\n<li>De verwachting is dat hiermee tijdens en na het project de culturele gevoeligheid en de persoonsgerichtheid van de palliatieve eerstelijns zorg wordt vergroot, wat de kwaliteit van leven van pati\u00ebnten en mantelzorgers verbetert.<\/li>\n<\/ul>\n<p><span style=\"color: #000000;\"><strong>Zie ook:<\/strong><\/span> <a href=\"https:\/\/projecten.zonmw.nl\/nl\/project\/licht-levenseinde-met-inclusieve-culturele-en-holistische-tradities\">projecten.zonmw.nl<\/a><\/p>\n<p><span style=\"color: #000000;\"><strong>Duur:<\/strong><\/span> 2025-2027<\/p>\n<p><span style=\"color: #000000;\"><strong>Samenwerkingspartners:<\/strong><\/span> Trimbos-Instituut <span style=\"color: #ff6600;\">\u2022<\/span> Van Praag Instituut <span style=\"color: #ff6600;\">\u2022<\/span> Pharos\u00a0<span style=\"color: #ff6600;\">\u2022<\/span> UMCO <span style=\"color: #ff6600;\">\u2022<\/span> Hogeschool InHolland <span style=\"color: #ff6600;\">\u2022<\/span> Hogeschool Rotterdam <span style=\"color: #ff6600;\">\u2022<\/span> Beroepsvereniging Verzorgenden Verpleegkundigen <span style=\"color: #ff6600;\">\u2022<\/span> Vereniging van Geestelijk Verzorgers <span style=\"color: #ff6600;\">\u2022<\/span> Stichting Gezondheid Allochtonen (SGAN) <span style=\"color: #ff6600;\">\u2022<\/span> Vereniging voor Fysiotherapie <span style=\"color: #ff6600;\">\u2022<\/span> Centrum voor Levensvragen Midden- Nederland <span style=\"color: #ff6600;\">\u2022<\/span> Zin in Utrecht <span style=\"color: #ff6600;\">\u2022<\/span> Thuiszorg Hart voor Nederland <span style=\"color: #ff6600;\">\u2022<\/span> Kleurrijk Zorg <span style=\"color: #ff6600;\">\u2022<\/span>\u00a0Haagse Wijk- en Woonzorg<\/p>\n<\/div>\n<\/div><\/div><\/div><\/div><div id=\"pg-145-2\"  class=\"panel-grid panel-no-style\" ><div id=\"pgc-145-2-0\"  class=\"panel-grid-cell\" ><div id=\"panel-145-2-0-0\" class=\"so-panel widget widget_sow-editor panel-first-child panel-last-child\" data-index=\"2\" ><div\n\t\t\t\n\t\t\tclass=\"so-widget-sow-editor so-widget-sow-editor-base\"\n\t\t\t\n\t\t>\n<div class=\"siteorigin-widget-tinymce textwidget\">\n\t<h5><span id=\"anchor_projecten_compazie_01\">ComPaZIE-studie<\/span><\/h5>\n<p><strong>ComPaZIE<\/strong> staat voor \u2018Complementaire zorg in de palliatieve fase: doorontwikkeling en implementatie van de nieuwe handreiking in verpleeghuis en hospice.\u2019 In dit project wordt de\u00a0<a href=\"https:\/\/palliaweb.nl\/richtlijnen-palliatieve-zorg\/richtlijn\/complementaire-zorg\">Handreiking Complementaire Zorg voor Volwassenen in de Palliatieve Fase<\/a> in vier verpleeghuizen met een hospice ge\u00efmplementeerd en wordt tegelijkertijd het implementatieproces gevolgd.<\/p>\n<p>Bij zorgvragers in de palliatieve zorg komen klachten zoals pijn, angst, obstipatie of slaapproblemen veel voor. Complementaire zorg (cz) kan een belangrijke bijdrage leveren aan het verminderen van deze klachten, is aanvullend op de reguliere zorg en kan bijdragen aan verbetering van de kwaliteit van leven in de palliatieve fase en aan de kwaliteit van sterven. De handreiking biedt de kans om de ontwikkeling van cz in verpleeghuizen en hospices een impuls te geven en de borging in zorgprocessen en beleid te versterken.<\/p>\n<p>De handreiking wordt in 8-12 afdelingen\/teams van vier verpleeghuizen met een hospice ge\u00efmplementeerd, in aansluiting op bestaande initiatieven in de deelnemende organisaties. De externe projectbegeleider ondersteunt een interne cz-palliatieve werkgroep bestaande uit verpleegkundige\/verzorgende, activiteitenbegeleider, arts, cz-expert, (locatie)manager, naaste en (zorg)vrijwilliger. Een van de werkgroepleden is \u2018interne coach\u2019 voor de zorgorganisatie. In een projectgroep, bestaande uit twee contactpersonen van iedere organisatie en het projectteam, vindt uitwisseling van kennis en ervaring plaats en wordt de voortgang van het project besproken.\u00a0De voortgang wordt ge\u00ebvalueerd met casestudies, waarin bij de start, na 9 maanden en na 18 maanden per organisatie en per afdeling de situatie in kaart wordt gebracht met de methode van een <em>realist casereview<\/em>. Data worden verzameld met (groeps-)interviews, observaties en vragenlijsten. Ervaringen met cz-interventies op pati\u00ebntniveau worden gerapporteerd volgens de systematiek van een casereport.<\/p>\n<p>Met de verkregen inzichten, scholingen en materialen kan opschaling plaatsvinden naar andere zorgorganisaties. <strong>ComPaZIE<\/strong>\u00a0levert de volgende resultaten op:<\/p>\n<ul class=\"ul_ol_alt_number_1\">\n<li>een implementatiewijzer<\/li>\n<li>een model cz-plan<\/li>\n<li>scholingen en train-de-trainer cursus<\/li>\n<\/ul>\n<p><span style=\"color: #000000;\"><strong>Zie ook:<\/strong><\/span> <a href=\"https:\/\/projecten.zonmw.nl\/nl\/project\/complementaire-zorg-de-palliatieve-fase-doorontwikkeling-en-implementatie-van-de-nieuwe\">projecten.zonmw.nl<\/a><\/p>\n<p><span style=\"color: #000000;\"><strong>Duur:<\/strong><\/span> 2024-2026<\/p>\n<p><span style=\"color: #000000;\"><strong>Projectpartners:<\/strong><\/span> Lectoraat Persoonsgerichte (Palliatieve) Zorg van het Kenniscentrum Innovatie Hogeschool Rotterdam <span style=\"color: #ff6600;\">\u2022<\/span> Van Praag Instituut <span style=\"color: #ff6600;\">\u2022<\/span> KiCoZo <span style=\"color: #ff6600;\">\u2022<\/span> Argos <span style=\"color: #ff6600;\">\u2022<\/span> Cedrah <span style=\"color: #ff6600;\">\u2022<\/span> Kalorama <span style=\"color: #ff6600;\">\u2022<\/span> Liemerije <span style=\"color: #ff6600;\">\u2022<\/span> Hogeschool Rotterdam <span style=\"color: #ff6600;\">\u2022<\/span> HAN University of Applied Sciences<\/p>\n<\/div>\n<\/div><\/div><\/div><\/div><div id=\"pg-145-3\"  class=\"panel-grid panel-no-style\" ><div id=\"pgc-145-3-0\"  class=\"panel-grid-cell\" ><div id=\"panel-145-3-0-0\" class=\"so-panel widget widget_sow-editor panel-first-child panel-last-child\" data-index=\"3\" ><div\n\t\t\t\n\t\t\tclass=\"so-widget-sow-editor so-widget-sow-editor-base\"\n\t\t\t\n\t\t>\n<div class=\"siteorigin-widget-tinymce textwidget\">\n\t<h5>AcuChem-studie<\/h5>\n<p>In de <strong>AcuChem-studie<\/strong> wordt gekeken naar de effecten van acupunctuur bij borstkankerpati\u00ebnten op bijwerkingen van chemotherapie, met name (chronische) neuropathie, tot \u00e9\u00e9n jaar na de chemobehandeling. Het tweede doel van <strong>AcuChem<\/strong> is het in kaart brengen van de stappen en barri\u00e8res om te komen tot implementatie van acupunctuur als aanvullende zorg bij chemotherapie.<\/p>\n<p>Reguliere kankerbehandelingen geven vaak bijwerkingen. Veel pati\u00ebnten gebruiken daarom complementaire behandelmethoden om de behandeling te ondersteunen en beter om te gaan met deze bijkomende klachten. Complementaire zorg is dus zorg n\u00e1\u00e1st de reguliere zorg die vooral is bedoeld om de kwaliteit van leven te verbeteren.<\/p>\n<p>Neuropathie komt bij 50% van de pati\u00ebnten voor tijdens chemotherapie, en 10% van hen heeft blijvende klachten na chemotherapie. Klachten zijn onder andere tintelingen, een branderig gevoel en een verhoogde pijngevoeligheid. Acupunctuur kan als aanvullende behandeling misselijkheid, braken en neuropathieverschijnselen die door chemotherapie zijn ontstaan, verminderen. In verschillende ziekenhuizen in het buitenland, zoals het Memorial Sloan Kettering Cancer Center in New York en het MD Anderson Cancer Center in Houston is acupunctuur al onderdeel van de kankerbehandeling. In Nederland verwijzen sommige oncologen en verpleegkundig specialisten wel eens een pati\u00ebnt naar een acupuncturist, maar dat gebeurt niet structureel. Intussen zijn er steeds meer Nederlandse acupuncturisten die zich aanvullend scholen in oncologische zorg.<\/p>\n<p>In twee ziekenhuizen worden in totaal 120 pati\u00ebnten gevolgd, waarvan 60 acupunctuur krijgen gedurende de periode van de chemotherapie (\u00b112 weken) en 60 pati\u00ebnten de gebruikelijke standaardzorg ontvangen. Zij fungeren als controlegroep. Uitkomstmaten zijn met name neuropathische klachten en kwaliteit van leven. Pati\u00ebnten die voor acupunctuur kiezen, kunnen terecht bij een van drie acupuncturisten met een praktijk in de omgeving van het ziekenhuis. Samen met de zes deelnemende acupuncturisten en hun beroepsorganisatie NVA is een acupunctuur behandelprotocol opgesteld. Met alle betrokken reguliere en complementaire zorgprofessionals wordt in kaart gebracht wat er nodig is voor een duurzame samenwerking.<\/p>\n<p><span style=\"color: #000000;\"><strong>Duur:<\/strong><\/span> 2024-2026<\/p>\n<p><span style=\"color: #000000;\"><strong>Projectpartners:<\/strong><\/span> Louis Bolk Instituut <span style=\"color: #ff6600;\">\u2022<\/span> Van Praag Instituut <span style=\"color: #ff6600;\">\u2022<\/span> Nederlandse Vereniging voor Acupunctuur (NVA) <span style=\"color: #ff6600;\">\u2022<\/span> Wetenschappelijke Artsen Vereniging voor Acupunctuur Nederland (Wavan)<\/p>\n<\/div>\n<\/div><\/div><\/div><\/div><div id=\"pg-145-4\"  class=\"panel-grid panel-no-style\" ><div id=\"pgc-145-4-0\"  class=\"panel-grid-cell\" ><div id=\"panel-145-4-0-0\" class=\"so-panel widget widget_sow-editor panel-first-child panel-last-child\" data-index=\"4\" ><div\n\t\t\t\n\t\t\tclass=\"so-widget-sow-editor so-widget-sow-editor-base\"\n\t\t\t\n\t\t>\n<div class=\"siteorigin-widget-tinymce textwidget\">\n\t<h5>OCK-II<\/h5>\n<p><strong>OCK-II<\/strong>\u00a0is het vervolg op het project \u2018Keuzehulp Complementaire zorg voor kinderen met kanker\u2019. Van 2014-2017 hebben het Louis Bolk Instituut en het Van Praag Instituut, in samenwerking met de Vereniging Kinderkanker Nederland (VKN) en de Taakgroep Supportive Care van SKION, de keuzehulp complementaire zorg voor pijn bij kinderen met kanker ontwikkeld. Wetenschappelijke kennis tot en met 2016 werd beoordeeld op kwaliteit met de GRADE-methode. Hieruit bleek dat het bewijs hoog is voor hypnotherapie bij pijn bij kinderen met kanker en laag voor massage, aromatherapie en creatieve therapie. Volgens de meeste studies zijn deze complementaire zorginterventies veilig. Internationale experts op het gebied van kinderen en kanker gaven aan dat ze naast deze interventies in de klinische praktijk ook positieve ervaringen hadden met ademhalingstechnieken, energetische methoden, biofeedback, en antroposofische zorg.<\/p>\n<p>In het huidige project<strong> OCK-II<\/strong> wordt de keuzehulp geactualiseerd met nieuwe kennis over complementaire zorg bij pijn en tegelijkertijd uitgebreid naar andere klachten zoals vermoeidheid en misselijkheid. Daarnaast is het nodig om de keuzehulp op een duurzame manier te implementeren, zodat de informatie ook daadwerkelijk blijvend door zorgprofessionals en ouders benut wordt en onderhouden blijft in de toekomst. Tenslotte wordt ernaar gestreefd de resultaten te verwerken in een richtlijn.<\/p>\n<p><span style=\"color: #000000;\"><strong>Zie ook:<\/strong><\/span> <a href=\"https:\/\/www.complementairezorg-vokk.nl\">www.complementairezorg-vokk.nl<\/a><\/p>\n<p><span style=\"color: #000000;\"><strong>Duur:<\/strong><\/span> 2022-2023<\/p>\n<p><span style=\"color: #000000;\"><strong>Projectpartners:<\/strong><\/span> Louis Bolk Instituut <span style=\"color: #ff6600;\">\u2022<\/span> Van Praag Instituut <span style=\"color: #ff6600;\">\u2022<\/span> NAFKAM <span style=\"color: #ff6600;\">\u2022<\/span> Prinses M\u00e1xima Centrum voor kinderoncologie Supportive Care Groep<\/p>\n<p class=\"p_padding_bottom_0\"><span style=\"color: #000000;\"><strong>Publicaties:<\/strong><\/span><\/p>\n<ul class=\"ul_type_2 ul_type_2_alt_color\">\n<li><strong>Jong MC, Boers I, van Wietmarschen H, Busch M, Naafs MC, Kaspers GJL, Tissing WJE.<\/strong> 2020. Development of an evidence-based decision aid on complementary and alternative medicine (CAM) and pain for parents of children with cancer.\u00a0<em>Supportive Care in Cancer<\/em>. 28: 2415-2429.<\/li>\n<\/ul>\n<\/div>\n<\/div><\/div><\/div><\/div><\/div>","protected":false},"excerpt":{"rendered":"<p>Lopende projecten Het Van Praag Instituut is als partner betrokken bij diverse onderzoeks- en ontwikkelprojecten op het gebied van complementaire zorg integrative medicine&sol;nursing. In onderstaande volgt een overzicht van lopende projecten. LICHT studie LICHT staat voor \u2018Levenseinde met Inclusieve Culturele en Holistische Tradities\u2019. Mensen met een Islamitische migratieachtergrond spreken veelal niet over het naderende levenseinde [&hellip;]<\/p>\n","protected":false},"author":1,"featured_media":0,"parent":0,"menu_order":0,"comment_status":"closed","ping_status":"closed","template":"","meta":{"footnotes":""},"folder":[21],"class_list":["post-145","page","type-page","status-publish","hentry","post"],"_links":{"self":[{"href":"https:\/\/www.vanpraaginstituut.nl\/index.php?rest_route=\/wp\/v2\/pages\/145","targetHints":{"allow":["GET"]}}],"collection":[{"href":"https:\/\/www.vanpraaginstituut.nl\/index.php?rest_route=\/wp\/v2\/pages"}],"about":[{"href":"https:\/\/www.vanpraaginstituut.nl\/index.php?rest_route=\/wp\/v2\/types\/page"}],"author":[{"embeddable":true,"href":"https:\/\/www.vanpraaginstituut.nl\/index.php?rest_route=\/wp\/v2\/users\/1"}],"replies":[{"embeddable":true,"href":"https:\/\/www.vanpraaginstituut.nl\/index.php?rest_route=%2Fwp%2Fv2%2Fcomments&post=145"}],"version-history":[{"count":1,"href":"https:\/\/www.vanpraaginstituut.nl\/index.php?rest_route=\/wp\/v2\/pages\/145\/revisions"}],"predecessor-version":[{"id":147,"href":"https:\/\/www.vanpraaginstituut.nl\/index.php?rest_route=\/wp\/v2\/pages\/145\/revisions\/147"}],"wp:attachment":[{"href":"https:\/\/www.vanpraaginstituut.nl\/index.php?rest_route=%2Fwp%2Fv2%2Fmedia&parent=145"}],"wp:term":[{"taxonomy":"folder","embeddable":true,"href":"https:\/\/www.vanpraaginstituut.nl\/index.php?rest_route=%2Fwp%2Fv2%2Ffolder&post=145"}],"curies":[{"name":"wp","href":"https:\/\/api.w.org\/{rel}","templated":true}]}}